{"id":26,"date":"2011-07-03T10:02:23","date_gmt":"2011-07-03T10:02:23","guid":{"rendered":"http:\/\/www.whitewaterbase.at\/?page_id=26"},"modified":"2024-07-11T11:55:30","modified_gmt":"2024-07-11T11:55:30","slug":"fortgeschrittenenkurs","status":"publish","type":"page","link":"http:\/\/www.whitewaterbase.at\/?page_id=26","title":{"rendered":"Fortgeschritten"},"content":{"rendered":"<p>Wenn du die n\u00e4chste Stufe Deiner Paddlerkarriere erklimmen willst, bist du hier goldrichtig!<\/p>\n<p>Fortgeschrittenenkurse finden in der Regel auf\u00a0 WW 2-3\u00a0 statt, es gilt die Technik zu vefeinern, das Ziel ist klar: schwieriges Wildwasser. Auch Sicherung &amp; Bergung von Material &amp; Paddler ist ein elementarer Bestandteil, von Wurfsack werfen bis zu Flaschenzugbau, nach diesem Kurs wei\u00dft du dir in jeder Flusssituation zu helfen!<\/p>\n<p>Genereller Ablauf: Flussfahrt WW 2-3 am ersten Tag, Beobachtung der Technik und individuelle \u00dcbungen inkl. Videoaufnahme. Gem\u00fctliche Videoanalyse am Abend im Camp mit anschlie\u00dfendem Chill Out am Lagerfeuer. Am zweiten Tag kennt jeder seine Verbesserungspotentiale und arbeitet unter fachm\u00e4nnischer Anleitung daran, wieder gilt es WW 2-3 zu meistern.<\/p>\n<ul>\n<li><strong>Dauer:<\/strong> nach Wunsch<\/li>\n<li><strong>Preis:<\/strong> \u20ac 100,- \/\u00a0 Tag (zzgl. Ausr\u00fcstung)\u00a0 &#8211; 2 Tage \u20ac 175,- (zzgl. Ausr\u00fcstung)<\/li>\n<li><strong>Ausr\u00fcstung:<\/strong> \u20ac 25,- \/ Tag<\/li>\n<li><strong>Ab Personenzahl:<\/strong> 3<\/li>\n<li><strong>Orte: <\/strong>Wildalpen, Gloggnitz, Lunz und viele mehr.<\/li>\n<\/ul>\n<p><strong>Kursinhalte:<br \/><\/strong><\/p>\n<ul>\n<li>&#8211; Wasserlesen<\/li>\n<li>&#8211; richtig sichern<\/li>\n<li>&#8211; richtig schwimmen<\/li>\n<li>&#8211; bergen von Material und Paddler<\/li>\n<li>&#8211; Wurfsack &amp; Cowtaileinsatz<\/li>\n<li>&#8211; Kehrwassertechnik f\u00fcr Fortgeschrittene<\/li>\n<li>&#8211; der effektive Paddelschlag<\/li>\n<li>&#8211; die richtige Haltung zur richtigen Zeit<\/li>\n<li>&#8211; Video + Analyse am Abend<\/li>\n<li>&#8211; Spa\u00df haben<\/li>\n<li>&#8211; Eskimorolle<\/li>\n<\/ul>\n\n\n<figure class=\"wp-block-image size-full\"><img loading=\"lazy\" width=\"720\" height=\"478\" src=\"http:\/\/www.whitewaterbase.at\/wp-content\/uploads\/2020\/12\/surf.jpg\" alt=\"\" class=\"wp-image-1783\" srcset=\"http:\/\/www.whitewaterbase.at\/wp-content\/uploads\/2020\/12\/surf.jpg 720w, http:\/\/www.whitewaterbase.at\/wp-content\/uploads\/2020\/12\/surf-300x199.jpg 300w\" sizes=\"(max-width: 720px) 100vw, 720px\" \/><\/figure>\n","protected":false},"excerpt":{"rendered":"<p>Wenn du die n\u00e4chste Stufe Deiner Paddlerkarriere erklimmen willst, bist du hier goldrichtig! Fortgeschrittenenkurse finden in der Regel auf\u00a0 WW 2-3\u00a0 statt, es gilt die Technik zu vefeinern, das Ziel ist klar: schwieriges Wildwasser. Auch Sicherung &amp; Bergung von Material &amp; Paddler ist ein elementarer Bestandteil, von Wurfsack werfen bis zu Flaschenzugbau, nach diesem Kurs [&hellip;]<\/p>\n","protected":false},"author":1,"featured_media":0,"parent":0,"menu_order":0,"comment_status":"closed","ping_status":"open","template":"","meta":[],"_links":{"self":[{"href":"http:\/\/www.whitewaterbase.at\/index.php?rest_route=\/wp\/v2\/pages\/26"}],"collection":[{"href":"http:\/\/www.whitewaterbase.at\/index.php?rest_route=\/wp\/v2\/pages"}],"about":[{"href":"http:\/\/www.whitewaterbase.at\/index.php?rest_route=\/wp\/v2\/types\/page"}],"author":[{"embeddable":true,"href":"http:\/\/www.whitewaterbase.at\/index.php?rest_route=\/wp\/v2\/users\/1"}],"replies":[{"embeddable":true,"href":"http:\/\/www.whitewaterbase.at\/index.php?rest_route=%2Fwp%2Fv2%2Fcomments&post=26"}],"version-history":[{"count":32,"href":"http:\/\/www.whitewaterbase.at\/index.php?rest_route=\/wp\/v2\/pages\/26\/revisions"}],"predecessor-version":[{"id":2575,"href":"http:\/\/www.whitewaterbase.at\/index.php?rest_route=\/wp\/v2\/pages\/26\/revisions\/2575"}],"wp:attachment":[{"href":"http:\/\/www.whitewaterbase.at\/index.php?rest_route=%2Fwp%2Fv2%2Fmedia&parent=26"}],"curies":[{"name":"wp","href":"https:\/\/api.w.org\/{rel}","templated":true}]}}