{"id":290,"date":"2012-06-11T21:09:06","date_gmt":"2012-06-11T21:09:06","guid":{"rendered":"http:\/\/www.whitewaterbase.at\/?page_id=290"},"modified":"2012-06-12T20:13:27","modified_gmt":"2012-06-12T20:13:27","slug":"buchung","status":"publish","type":"page","link":"http:\/\/www.whitewaterbase.at\/?page_id=290","title":{"rendered":"Buchung"},"content":{"rendered":"<form enctype=\"multipart\/form-data\" class=\"fm-form\" method=\"post\" action=\"http:\/\/www.whitewaterbase.at\/?page_id=290\" name=\"fm-form-1\" id=\"fm-form-1\" autocomplete=\"on\" >\n\n\t<fieldset>\t\n\t\t\t\t\t\t\t\t\t<legend>Buchungsformular<\/legend>\n\t\t\t\t\t\t\t\n\t\t<ul>\n\t\t\t\t\t\t<li id=\"fm-item-text-4fd65529b0127\">\n\t\t\t\t\t\t\t\t\t<table><tr>\n\t\t\t\t\t\t<td style=\"width:200px\"><label>Name&nbsp;<em>*<\/em><\/label><\/td>\n\t\t\t\t\t\t<td><input type=\"text\" name=\"text-4fd65529b0127\" id=\"text-4fd65529b0127\" style=\"width:300px;\" placeholder=\"\" \/><\/td>\n\t\t\t\t\t<\/tr><\/table>\n\t\t\t\t\t\t\t<\/li>\n\t\t\t\t\t\t<li id=\"fm-item-text-4fd6554f1e711\">\n\t\t\t\t\t\t\t\t\t<table><tr>\n\t\t\t\t\t\t<td style=\"width:200px\"><label>Adresse&nbsp;<em>*<\/em><\/label><\/td>\n\t\t\t\t\t\t<td><input type=\"text\" name=\"text-4fd6554f1e711\" id=\"text-4fd6554f1e711\" style=\"width:300px;\" placeholder=\"\" \/><\/td>\n\t\t\t\t\t<\/tr><\/table>\n\t\t\t\t\t\t\t<\/li>\n\t\t\t\t\t\t<li id=\"fm-item-text-4fd6555be8359\">\n\t\t\t\t\t\t\t\t\t<table><tr>\n\t\t\t\t\t\t<td style=\"width:200px\"><label>E Mail<\/label><\/td>\n\t\t\t\t\t\t<td><input type=\"text\" name=\"text-4fd6555be8359\" id=\"text-4fd6555be8359\" style=\"width:300px;\" placeholder=\"\" \/><\/td>\n\t\t\t\t\t<\/tr><\/table>\n\t\t\t\t\t\t\t<\/li>\n\t\t\t\t\t\t<li id=\"fm-item-text-4fd6559d04e21\">\n\t\t\t\t\t\t\t\t\t<table><tr>\n\t\t\t\t\t\t<td style=\"width:200px\"><label>Telefonnummer&nbsp;<em>*<\/em><\/label><\/td>\n\t\t\t\t\t\t<td><input type=\"text\" name=\"text-4fd6559d04e21\" id=\"text-4fd6559d04e21\" style=\"width:300px;\" placeholder=\"\" \/><\/td>\n\t\t\t\t\t<\/tr><\/table>\n\t\t\t\t\t\t\t<\/li>\n\t\t\t\t\t\t<li id=\"fm-item-custom_list-4fd655c6e29af\">\n\t\t\t\t\t\t\t\t\t<table><tr>\n\t\t\t\t\t\t<td style=\"width:200px\"><label>Ich buche&nbsp;<em>*<\/em><\/label><\/td>\n\t\t\t\t\t\t<td><select name=\"custom_list-4fd655c6e29af\" id=\"custom_list-4fd655c6e29af\" style=\"width:px;\" ><option value=\"0\">...<\/option><option value=\"1\">Anf\u00e4ngerkurs (2 Tage)<\/option><option value=\"2\">Fortgeschrittenenkurs (1 Tag)<\/option><option value=\"3\">Fortgeschrittenenkurs (2 Tage) <\/option><option value=\"4\">River Running (1 Tag)<\/option><option value=\"5\">River Running (2 Tage)<\/option><option value=\"6\">Eskimotierkurs<\/option><option value=\"7\">Kajak Schnuppern am See<\/option><option value=\"8\">Privatkurs<\/option><option value=\"9\">sonstiges<\/option><option value=\"10\">Schnupperkurs im Hallenbad<\/option><option value=\"11\">Freestylekurs im Hallenbad<\/option><\/select><input type=\"hidden\" id=\"custom_list-4fd655c6e29af-list-style\" value=\"select\" \/><input type=\"hidden\" id=\"custom_list-4fd655c6e29af-count\" value=\"11\" \/><\/td>\n\t\t\t\t\t<\/tr><\/table>\n\t\t\t\t\t\t\t<\/li>\n\t\t\t\t\t\t<li id=\"fm-item-text-4fd656a6330af\">\n\t\t\t\t\t\t\t\t\t<table><tr>\n\t\t\t\t\t\t<td style=\"width:200px\"><label>Datum (von - bis)&nbsp;<em>*<\/em><\/label><\/td>\n\t\t\t\t\t\t<td><input type=\"text\" name=\"text-4fd656a6330af\" id=\"text-4fd656a6330af\" style=\"width:300px;\" placeholder=\"\" \/><\/td>\n\t\t\t\t\t<\/tr><\/table>\n\t\t\t\t\t\t\t<\/li>\n\t\t\t\t\t\t<li id=\"fm-item-custom_list-4fd6580f78d08\">\n\t\t\t\t\t\t\t\t\t<table><tr>\n\t\t\t\t\t\t<td style=\"width:200px\"><label>Ort&nbsp;<em>*<\/em><\/label><\/td>\n\t\t\t\t\t\t<td><select name=\"custom_list-4fd6580f78d08\" id=\"custom_list-4fd6580f78d08\" style=\"width:px;\" ><option value=\"0\">...<\/option><option value=\"1\">Wildalpen (Salza)<\/option><option value=\"2\">H\u00f6llental (Schwarza)<\/option><option value=\"3\">Erlauftal (Erlauf)<\/option><option value=\"4\">sonstiges (nach Vereinbarung)<\/option><\/select><input type=\"hidden\" id=\"custom_list-4fd6580f78d08-list-style\" value=\"select\" \/><input type=\"hidden\" id=\"custom_list-4fd6580f78d08-count\" value=\"4\" \/><\/td>\n\t\t\t\t\t<\/tr><\/table>\n\t\t\t\t\t\t\t<\/li>\n\t\t\t\t\t\t<li id=\"fm-item-textarea-4fd656cc38204\">\n\t\t\t\t\t\t\t\t\t<table><tr>\n\t\t\t\t\t\t<td style=\"width:200px\"><label>Gr\u00f6\u00dfenangaben (nur wenn Ausr\u00fcstung ben\u00f6tigt wird: K\u00f6rpergr\u00f6\u00dfe, Schuhgr\u00f6\u00dfe, Gewicht) <\/label><\/td>\n\t\t\t\t\t\t<td><textarea name=\"textarea-4fd656cc38204\" id=\"textarea-4fd656cc38204\" style=\"width:300px;height:100px;\" placeholder=\"\"><\/textarea><\/td>\n\t\t\t\t\t<\/tr><\/table>\n\t\t\t\t\t\t\t<\/li>\n\t\t\t\t\t\t<li id=\"fm-item-textarea-4fd9b67694d88\">\n\t\t\t\t\t\t\t\t\t<table><tr>\n\t\t\t\t\t\t<td style=\"width:200px\"><label>Ich melde folgende weitere Personen an: (bitte inkl. Gr\u00f6\u00dfenangaben falls Ausr\u00fcstung ben\u00f6tigt wird)<\/label><\/td>\n\t\t\t\t\t\t<td><textarea name=\"textarea-4fd9b67694d88\" id=\"textarea-4fd9b67694d88\" style=\"width:300px;height:100px;\" placeholder=\"\"><\/textarea><\/td>\n\t\t\t\t\t<\/tr><\/table>\n\t\t\t\t\t\t\t<\/li>\n\t\t\t\t\t\t<li id=\"fm-item-checkbox-4fd9b2e2c4d82\">\n\t\t\t\t\t\t\t\t\t<table><tr>\n\t\t\t\t\t\t<td style=\"width:200px\"><label>Ich habe die <a href=\"http:\/\/www.whitewaterbase.at\/?page_id=297\" target=\"_blank\">AGB<\/a> gelesen und erkl\u00e4re mich damit einverstanden.&nbsp;<em>*<\/em><\/label><\/td>\n\t\t\t\t\t\t<td><input type=\"checkbox\" name=\"checkbox-4fd9b2e2c4d82\" id=\"checkbox-4fd9b2e2c4d82\" style=\"\" \/><\/td>\n\t\t\t\t\t<\/tr><\/table>\n\t\t\t\t\t\t\t<\/li>\n\t\t\t\t\t<\/ul>\n\n\t\t<div>\n\t\t <input type=\"submit\" name=\"fm_form_submit\" id=\"fm_form_submit\" class=\"submit\" value=\"Jetzt abschicken!\" onclick=\"return fm_submit_onclick(1)\"  \/>\n\t\t<\/div>\n\n\t<\/fieldset>\n\t<input type=\"hidden\" name=\"fm_nonce\" id=\"fm_nonce\" value=\"81c41eeac8\" \/>\n<input type=\"hidden\" name=\"fm_id\" id=\"fm_id\" value=\"1\" \/>\n<input type=\"hidden\" name=\"fm_uniq_id\" id=\"fm_uniq_id\" value=\"fm-69d5163bdc245\" \/>\n<input type=\"hidden\" name=\"fm_parent_post_id\" id=\"fm_parent_post_id\" value=\"290\" \/>\n<\/form>\n\n","protected":false},"excerpt":{"rendered":"","protected":false},"author":1,"featured_media":0,"parent":0,"menu_order":0,"comment_status":"closed","ping_status":"open","template":"","meta":[],"_links":{"self":[{"href":"http:\/\/www.whitewaterbase.at\/index.php?rest_route=\/wp\/v2\/pages\/290"}],"collection":[{"href":"http:\/\/www.whitewaterbase.at\/index.php?rest_route=\/wp\/v2\/pages"}],"about":[{"href":"http:\/\/www.whitewaterbase.at\/index.php?rest_route=\/wp\/v2\/types\/page"}],"author":[{"embeddable":true,"href":"http:\/\/www.whitewaterbase.at\/index.php?rest_route=\/wp\/v2\/users\/1"}],"replies":[{"embeddable":true,"href":"http:\/\/www.whitewaterbase.at\/index.php?rest_route=%2Fwp%2Fv2%2Fcomments&post=290"}],"version-history":[{"count":4,"href":"http:\/\/www.whitewaterbase.at\/index.php?rest_route=\/wp\/v2\/pages\/290\/revisions"}],"predecessor-version":[{"id":306,"href":"http:\/\/www.whitewaterbase.at\/index.php?rest_route=\/wp\/v2\/pages\/290\/revisions\/306"}],"wp:attachment":[{"href":"http:\/\/www.whitewaterbase.at\/index.php?rest_route=%2Fwp%2Fv2%2Fmedia&parent=290"}],"curies":[{"name":"wp","href":"https:\/\/api.w.org\/{rel}","templated":true}]}}