{"id":297,"date":"2012-06-14T09:39:57","date_gmt":"2012-06-14T09:39:57","guid":{"rendered":"http:\/\/www.whitewaterbase.at\/?page_id=297"},"modified":"2014-03-24T13:58:33","modified_gmt":"2014-03-24T13:58:33","slug":"297-2","status":"publish","type":"page","link":"http:\/\/www.whitewaterbase.at\/?page_id=297","title":{"rendered":"AGBs"},"content":{"rendered":"<p style=\"text-align: center;\"><strong>Allgemeine Gesch\u00e4ftsbedingungen<\/strong><\/p>\n<p style=\"text-align: center;\">Kajakschule WhiteWaterBase<\/p>\n<p style=\"text-align: center;\">Dipl. Ing. (FH) Reinhard Friedl, M.A.<\/p>\n<p style=\"text-align: center;\">Mitterfeld 24<\/p>\n<p style=\"text-align: center;\">A-3072 Kasten<\/p>\n<p><strong>Buchung <\/strong><\/p>\n<p>Durch Ihre Buchung mittels dem Online Formular BUCHUNG auf der WhiteWaterBase Website erhalten Sie eine Kursbest\u00e4tigung, mit dieser ist der Reisevertrag f\u00fcr beide Teile verbindlich und es werden die vorliegenden Kursbedingungen anerkannt. Der Anmelder versichert ausdr\u00fccklich, dass er die Reiseanmeldung im Namen und Vollmacht der gemeldeten Reiseteilnehmer abgibt.<\/p>\n<p>&nbsp;<\/p>\n<p><strong>Zahlung<\/strong><\/p>\n<p><strong> <\/strong><\/p>\n<p>Die Bezahlung erfolgt bei Innlandstouren am Erf\u00fcllungsort der Leistung. Bei Auslandstouren muss die Buchungssumme \u00a0bis sp\u00e4tstens 14 Tage vor Reisebeginn in bar oder mittels \u00dcberweisung bezahlt werden. Bei kurzfristigen Buchungen bis 14 Tage vor Reisebeginn ist der Gesamtbetrag sofort bei Anmeldung f\u00e4llig.<\/p>\n<p>&nbsp;<\/p>\n<p><strong> <\/strong><\/p>\n<p><strong>Gutscheine<\/strong><\/p>\n<p><strong> <\/strong>Angeforderte und zugesandte Gutscheine behalten nur dann ihre G\u00fcltigkeit, wenn der angef\u00fchrte Gutscheinbetrag vor Einl\u00f6sung des Gutscheines auf unserem Konto eingegangen ist.<\/p>\n<p>&nbsp;<\/p>\n<p><strong>Allgemeines<\/strong><\/p>\n<p>Jeder Teilnehmer <strong>muss<\/strong> schwimmen k\u00f6nnen und \u00fcber eine gesunde k\u00f6rperliche Verfassung verf\u00fcgen. Teilnehmer, die unter Alkohol- oder Drogeneinfluss stehen, werden ersatzlos von der Fahrt ausgeschlossen! Der Veranstalter geht grunds\u00e4tzlich davon aus, dass jeder Teilnehmer die angef\u00fchrten k\u00f6rperlichen Voraussetzungen f\u00fcr die jeweiligen Kurse erf\u00fcllt und sich dieser vor Kursbeginn bewusst ist. Wetter- und wasserstandsbedingte \u00c4nderungen oder Absagen (Hoch-\/Niedrigwasser, Schlechtwetter , usw. ) des Programms liegen ausschlie\u00dflich im Entscheidungsbereich des Veranstalters. Bei Nichtdurchf\u00fchrung der Veranstaltung auf Grund dieser Umst\u00e4nde erhalten Sie einen Gutschein, der Sie berechtigt, innerhalb von einem Jahr an einem beliebigen Programm der WhiteWaterBase teilzunehmen. Weiterf\u00fchrende Anspr\u00fcche bestehen nicht!<\/p>\n<p>&nbsp;<\/p>\n<p><strong>Haftung<\/strong><\/p>\n<p>Der Veranstalter haftet f\u00fcr Leistungen Dritter nur f\u00fcr die ordnungsgem\u00e4\u00dfe Vermittlung z.B. Unterkunft, Verpflegung, Transfers. Die Teilnahme an allen Veranstaltungen erfolgt auf eigene Gefahr und eigenes Risiko. Werden Ausr\u00fcstungsgegenst\u00e4nde entliehen, so haftet der Entleiher f\u00fcr die ordnungsgem\u00e4\u00dfe R\u00fcckgabe.<\/p>\n<p>&nbsp;<\/p>\n<p><strong>Nichtinanspruchnahme von Leistungen<\/strong><\/p>\n<p>Nimmt der Teilnehmer, aus welchen Gr\u00fcnden auch immer, die Leistung nicht in Anspruch, so erfolgt keine R\u00fcckerstattung.<\/p>\n<p>&nbsp;<\/p>\n<p><strong>Reiseantritt<\/strong><\/p>\n<p><strong> <\/strong><\/p>\n<p>Tritt der Teilnehmer bei eigener Anreise die Veranstaltung nicht oder nicht rechtzeitig an, so besteht kein Anspruch auf R\u00fcckerstattung des Reisepreises.<\/p>\n<p>&nbsp;<\/p>\n<p><strong>R\u00fccktritt des Kunden \/ Stornos<\/strong><\/p>\n<p>Bei R\u00fccktritt werden ohne R\u00fccksicht auf den R\u00fccktrittsgrund folgende Stornokosten berechnet: bis 20 Tage vor Reisebeginn: KEINE. Vom 14. &#8211; 3. Tag 50% der Buchungssumme, vom 2. Tag an oder bei Nichtantritt 100 % der Buchungssumme.<\/p>\n<p>&nbsp;<\/p>\n<p><strong>Reklamationen<\/strong><\/p>\n<p>Sollte einmal etwas nicht so geklappt haben wie Sie es sich w\u00fcnschen, so wenden Sie sich bitte an den Veranstalter. Reisevermittler haften nur f\u00fcr die ordnungsgem\u00e4\u00dfe Vermittlung (Buchung, Infobl\u00e4tter). Beanstandungen sind unverz\u00fcglich vor Ort im B\u00fcro bekanntzugeben, um f\u00fcr Abhilfe zu sorgen. Bei schuldhaftem Nichtanzeigen besteht kein Grund f\u00fcr Minderung! Anspr\u00fcche gegen den Veranstalter sind sp\u00e4testens bis 4 Wochen nach Reiseantritt schriftlich geltend zu machen. F\u00fcr alle Veranstaltungen erhalten Sie auf Anfrage oder sp\u00e4testens mit den Buchungsunterlagen ein Informationsblatt.<\/p>\n<p>&nbsp;<\/p>\n<p><strong>Preise<\/strong><\/p>\n<p>Die WhiteWaterBase ist nach der Kleinunternehmerregelung Umsatzsteuerbefreit, demnach ist ein Vorsteuerabzug nicht m\u00f6glich. S\u00e4mtliche Preisangaben verstehen sich pro Person, falls dies nicht anders angegeben werden.<\/p>\n<p style=\"text-align: center;\">&nbsp;<\/p>\n<p style=\"text-align: center;\"><strong>Gerichtsstand St.P\u00f6lten<\/strong><\/p>\n","protected":false},"excerpt":{"rendered":"<p>Allgemeine Gesch\u00e4ftsbedingungen Kajakschule WhiteWaterBase Dipl. Ing. (FH) Reinhard Friedl, M.A. Mitterfeld 24 A-3072 Kasten Buchung Durch Ihre Buchung mittels dem Online Formular BUCHUNG auf der WhiteWaterBase Website erhalten Sie eine Kursbest\u00e4tigung, mit dieser ist der Reisevertrag f\u00fcr beide Teile verbindlich und es werden die vorliegenden Kursbedingungen anerkannt. Der Anmelder versichert ausdr\u00fccklich, dass er die Reiseanmeldung [&hellip;]<\/p>\n","protected":false},"author":1,"featured_media":0,"parent":0,"menu_order":0,"comment_status":"closed","ping_status":"open","template":"onecolumn-page.php","meta":[],"_links":{"self":[{"href":"http:\/\/www.whitewaterbase.at\/index.php?rest_route=\/wp\/v2\/pages\/297"}],"collection":[{"href":"http:\/\/www.whitewaterbase.at\/index.php?rest_route=\/wp\/v2\/pages"}],"about":[{"href":"http:\/\/www.whitewaterbase.at\/index.php?rest_route=\/wp\/v2\/types\/page"}],"author":[{"embeddable":true,"href":"http:\/\/www.whitewaterbase.at\/index.php?rest_route=\/wp\/v2\/users\/1"}],"replies":[{"embeddable":true,"href":"http:\/\/www.whitewaterbase.at\/index.php?rest_route=%2Fwp%2Fv2%2Fcomments&post=297"}],"version-history":[{"count":11,"href":"http:\/\/www.whitewaterbase.at\/index.php?rest_route=\/wp\/v2\/pages\/297\/revisions"}],"predecessor-version":[{"id":667,"href":"http:\/\/www.whitewaterbase.at\/index.php?rest_route=\/wp\/v2\/pages\/297\/revisions\/667"}],"wp:attachment":[{"href":"http:\/\/www.whitewaterbase.at\/index.php?rest_route=%2Fwp%2Fv2%2Fmedia&parent=297"}],"curies":[{"name":"wp","href":"https:\/\/api.w.org\/{rel}","templated":true}]}}