{"id":62,"date":"2011-07-03T11:00:53","date_gmt":"2011-07-03T11:00:53","guid":{"rendered":"http:\/\/www.whitewaterbase.at\/?page_id=62"},"modified":"2024-07-11T12:07:17","modified_gmt":"2024-07-11T12:07:17","slug":"reini","status":"publish","type":"page","link":"http:\/\/www.whitewaterbase.at\/?page_id=62","title":{"rendered":"\u00dcber uns"},"content":{"rendered":"\n<p>Kurse werden in der Regel von Reinhard Friedl (passionierter Kajakfahrer, staatlich gepr\u00fcfter Lehrwart &amp; Wildwasserretter)&nbsp;durchgef\u00fchrt. Bei Bedarf k\u00f6nnen weitere Lehrwarte angefordert werden. Durch&nbsp;die individuelle Betreuung&nbsp;f\u00fchlen sich unsere G\u00e4ste sehr wohl, unser Ziel ist es die Technik des Kajakfahrens sicher an die Teilnehmer weiterzugeben, stehts in atemberaubender Flusslandschaft mit kristallklarem Wasser und wundersch\u00f6ner Umgebung.<\/p>\n\n\n<p>Unser Kernteam:<\/p>\n<p>Reini: passionierter Kajakfahrer, staatlich gepr\u00fcfter Lehrwart &amp; Wildwasserretter<\/p>\n<p><img loading=\"lazy\" class=\"alignnone wp-image-2033 size-medium\" src=\"http:\/\/www.whitewaterbase.at\/wp-content\/uploads\/2021\/03\/13332810_728567027246239_8838656287468877672_n-300x225.jpg\" alt=\"\" width=\"300\" height=\"225\" srcset=\"http:\/\/www.whitewaterbase.at\/wp-content\/uploads\/2021\/03\/13332810_728567027246239_8838656287468877672_n-300x225.jpg 300w, http:\/\/www.whitewaterbase.at\/wp-content\/uploads\/2021\/03\/13332810_728567027246239_8838656287468877672_n-768x576.jpg 768w, http:\/\/www.whitewaterbase.at\/wp-content\/uploads\/2021\/03\/13332810_728567027246239_8838656287468877672_n-600x450.jpg 600w, http:\/\/www.whitewaterbase.at\/wp-content\/uploads\/2021\/03\/13332810_728567027246239_8838656287468877672_n.jpg 800w\" sizes=\"(max-width: 300px) 100vw, 300px\" \/>\u00a0<\/p>\n<p>Debby: die gute Seele &#8211; Logistik &amp; Catering<\/p>\n<p><img loading=\"lazy\" class=\"alignnone  wp-image-1989\" src=\"http:\/\/www.whitewaterbase.at\/wp-content\/uploads\/2021\/01\/pai-225x300.jpg\" alt=\"\" width=\"227\" height=\"302\" srcset=\"http:\/\/www.whitewaterbase.at\/wp-content\/uploads\/2021\/01\/pai-225x300.jpg 225w, http:\/\/www.whitewaterbase.at\/wp-content\/uploads\/2021\/01\/pai-600x800.jpg 600w, http:\/\/www.whitewaterbase.at\/wp-content\/uploads\/2021\/01\/pai.jpg 720w\" sizes=\"(max-width: 227px) 100vw, 227px\" \/> <img loading=\"lazy\" class=\"alignnone  wp-image-2115\" src=\"http:\/\/www.whitewaterbase.at\/wp-content\/uploads\/2021\/04\/debbylumi-262x300.jpg\" alt=\"\" width=\"266\" height=\"305\" srcset=\"http:\/\/www.whitewaterbase.at\/wp-content\/uploads\/2021\/04\/debbylumi-262x300.jpg 262w, http:\/\/www.whitewaterbase.at\/wp-content\/uploads\/2021\/04\/debbylumi-894x1024.jpg 894w, http:\/\/www.whitewaterbase.at\/wp-content\/uploads\/2021\/04\/debbylumi-768x880.jpg 768w, http:\/\/www.whitewaterbase.at\/wp-content\/uploads\/2021\/04\/debbylumi-1340x1536.jpg 1340w, http:\/\/www.whitewaterbase.at\/wp-content\/uploads\/2021\/04\/debbylumi-600x688.jpg 600w, http:\/\/www.whitewaterbase.at\/wp-content\/uploads\/2021\/04\/debbylumi.jpg 1740w\" sizes=\"(max-width: 266px) 100vw, 266px\" \/><\/p>\n<p>Young Pirates: Louis, Emilia &amp; Adam &#8211; Experten f\u00fcr Extremes und Waghalsiges<\/p>\n<p><img loading=\"lazy\" class=\"alignnone size-medium wp-image-1993\" src=\"http:\/\/www.whitewaterbase.at\/wp-content\/uploads\/2021\/01\/kids-300x225.jpg\" alt=\"\" width=\"300\" height=\"225\" srcset=\"http:\/\/www.whitewaterbase.at\/wp-content\/uploads\/2021\/01\/kids-300x225.jpg 300w, http:\/\/www.whitewaterbase.at\/wp-content\/uploads\/2021\/01\/kids-1024x768.jpg 1024w, http:\/\/www.whitewaterbase.at\/wp-content\/uploads\/2021\/01\/kids-768x576.jpg 768w, http:\/\/www.whitewaterbase.at\/wp-content\/uploads\/2021\/01\/kids-600x450.jpg 600w, http:\/\/www.whitewaterbase.at\/wp-content\/uploads\/2021\/01\/kids.jpg 1440w\" sizes=\"(max-width: 300px) 100vw, 300px\" \/> <img loading=\"lazy\" class=\"alignnone  wp-image-2365\" src=\"http:\/\/www.whitewaterbase.at\/wp-content\/uploads\/2022\/06\/adam-224x300.jpg\" alt=\"\" width=\"169\" height=\"226\" srcset=\"http:\/\/www.whitewaterbase.at\/wp-content\/uploads\/2022\/06\/adam-224x300.jpg 224w, http:\/\/www.whitewaterbase.at\/wp-content\/uploads\/2022\/06\/adam-764x1024.jpg 764w, http:\/\/www.whitewaterbase.at\/wp-content\/uploads\/2022\/06\/adam-768x1029.jpg 768w, http:\/\/www.whitewaterbase.at\/wp-content\/uploads\/2022\/06\/adam-1146x1536.jpg 1146w, http:\/\/www.whitewaterbase.at\/wp-content\/uploads\/2022\/06\/adam.jpg 1504w\" sizes=\"(max-width: 169px) 100vw, 169px\" \/><\/p>\n<p>Vince: Unser Rettungshund, der auch immer kontrolliert, dass kein Essen liegen bleibt<\/p>\n<p><img loading=\"lazy\" class=\"alignnone size-medium wp-image-1995\" src=\"http:\/\/www.whitewaterbase.at\/wp-content\/uploads\/2021\/01\/vince-225x300.jpg\" alt=\"\" width=\"225\" height=\"300\" srcset=\"http:\/\/www.whitewaterbase.at\/wp-content\/uploads\/2021\/01\/vince-225x300.jpg 225w, http:\/\/www.whitewaterbase.at\/wp-content\/uploads\/2021\/01\/vince-768x1024.jpg 768w, http:\/\/www.whitewaterbase.at\/wp-content\/uploads\/2021\/01\/vince-1152x1536.jpg 1152w, http:\/\/www.whitewaterbase.at\/wp-content\/uploads\/2021\/01\/vince-600x800.jpg 600w, http:\/\/www.whitewaterbase.at\/wp-content\/uploads\/2021\/01\/vince.jpg 1536w\" sizes=\"(max-width: 225px) 100vw, 225px\" \/><\/p>\n<p style=\"text-align: justify;\">Die Whitewaterbase ist die Kajakschule in Nieder\u00f6sterreich!<\/p>\n<p><img loading=\"lazy\" class=\"wp-image-1036\" src=\"http:\/\/www.whitewaterbase.at\/wp-content\/uploads\/2011\/07\/11061678_10204436574179971_5917593846755825983_n.jpg\" alt=\"WhiteWaterBase\" width=\"459\" height=\"344\" srcset=\"http:\/\/www.whitewaterbase.at\/wp-content\/uploads\/2011\/07\/11061678_10204436574179971_5917593846755825983_n.jpg 960w, http:\/\/www.whitewaterbase.at\/wp-content\/uploads\/2011\/07\/11061678_10204436574179971_5917593846755825983_n-300x225.jpg 300w\" sizes=\"(max-width: 459px) 100vw, 459px\" \/><\/p>\n<p style=\"text-align: justify;\"><strong>WhiteWaterBase<\/strong><\/p>\n<p style=\"text-align: justify;\">A-3072 Kasten bei B\u00f6heimkirchen<\/p>\n<p style=\"text-align: justify;\">Mitterfeld 24<\/p>\n<p style=\"text-align: justify;\">phone: +43-(0)-650\/4108333<\/p>\n<p style=\"text-align: justify;\">mail: office@whitewaterbase.at<\/p>\n<p style=\"text-align: justify;\">\u00a0<\/p>","protected":false},"excerpt":{"rendered":"<p>Kurse werden in der Regel von Reinhard Friedl (passionierter Kajakfahrer, staatlich gepr\u00fcfter Lehrwart &amp; Wildwasserretter)&nbsp;durchgef\u00fchrt. Bei Bedarf k\u00f6nnen weitere Lehrwarte angefordert werden. Durch&nbsp;die individuelle Betreuung&nbsp;f\u00fchlen sich unsere G\u00e4ste sehr wohl, unser Ziel ist es die Technik des Kajakfahrens sicher an die Teilnehmer weiterzugeben, stehts in atemberaubender Flusslandschaft mit kristallklarem Wasser und wundersch\u00f6ner Umgebung. Unser Kernteam: [&hellip;]<\/p>\n","protected":false},"author":1,"featured_media":0,"parent":0,"menu_order":0,"comment_status":"closed","ping_status":"open","template":"","meta":[],"_links":{"self":[{"href":"http:\/\/www.whitewaterbase.at\/index.php?rest_route=\/wp\/v2\/pages\/62"}],"collection":[{"href":"http:\/\/www.whitewaterbase.at\/index.php?rest_route=\/wp\/v2\/pages"}],"about":[{"href":"http:\/\/www.whitewaterbase.at\/index.php?rest_route=\/wp\/v2\/types\/page"}],"author":[{"embeddable":true,"href":"http:\/\/www.whitewaterbase.at\/index.php?rest_route=\/wp\/v2\/users\/1"}],"replies":[{"embeddable":true,"href":"http:\/\/www.whitewaterbase.at\/index.php?rest_route=%2Fwp%2Fv2%2Fcomments&post=62"}],"version-history":[{"count":40,"href":"http:\/\/www.whitewaterbase.at\/index.php?rest_route=\/wp\/v2\/pages\/62\/revisions"}],"predecessor-version":[{"id":2593,"href":"http:\/\/www.whitewaterbase.at\/index.php?rest_route=\/wp\/v2\/pages\/62\/revisions\/2593"}],"wp:attachment":[{"href":"http:\/\/www.whitewaterbase.at\/index.php?rest_route=%2Fwp%2Fv2%2Fmedia&parent=62"}],"curies":[{"name":"wp","href":"https:\/\/api.w.org\/{rel}","templated":true}]}}